{"id":30,"date":"2025-03-10T13:09:57","date_gmt":"2025-03-10T12:09:57","guid":{"rendered":"https:\/\/dietemann-go.de\/homepage\/?page_id=30"},"modified":"2025-03-27T16:24:04","modified_gmt":"2025-03-27T15:24:04","slug":"events-meetups","status":"publish","type":"page","link":"https:\/\/dietemann-go.de\/homepage\/events-meetups\/","title":{"rendered":"Events &amp; Meetups"},"content":{"rendered":"\n<h4 class=\"wp-block-heading\"><strong>Unsere Events \u2013 seid dabei!<\/strong><\/h4>\n\n\n\n<p>Bei \u201eDietemann GO\u201c dreht sich alles um gemeinsame Aktivit\u00e4ten. Ob Raids, Meetups oder besondere Events \u2013 hier erfahrt ihr, was ansteht und wie ihr teilnehmen k\u00f6nnt.<\/p>\n\n\n\n<h5 class=\"wp-block-heading\"><strong>Geplante Veranstaltungen<\/strong><\/h5>\n\n\n\n<ul class=\"wp-block-list\">\n<li><strong>Raidstunden<\/strong>: Regelm\u00e4\u00dfig, z. B. mittwochs um 18:00 Uhr an der Arena Brunnen am Brunnenplatz in Eschwege.<\/li>\n\n\n\n<li><strong>Spezielle Events<\/strong>: Rocket-Raiddays, Dynamax- oder Gigadynamax-Raids \u2013 immer vor Ort!<\/li>\n\n\n\n<li><strong>N\u00e4chstes Meetup<\/strong>: Schaut f\u00fcr Datum, Uhrzeit und Ort in unsere Gruppe Campfire und meldet Euch m\u00f6glichst an. Gerade bei Gigadynamax-Raids sind Anmeldungen wichtig, da bei zu wenigen Teilnehmern das Meetup unter Umst\u00e4nden abgesagt werden k\u00f6nnte. <\/li>\n<\/ul>\n\n\n\n<h5 class=\"wp-block-heading\"><strong>Wie l\u00e4uft\u2019s ab?<\/strong><\/h5>\n\n\n\n<ul class=\"wp-block-list\">\n<li><strong>Planung<\/strong>: Alle Verabredungen erfolgen \u00fcber Campfire \u2013 checkt es regelm\u00e4\u00dfig!<\/li>\n\n\n\n<li><strong>Vor Ort<\/strong>: Events wie Crypto-, Dynamax- und Gigadynamax-Raids sind nur mit echten Treffen m\u00f6glich. Wir brauchen euch live dabei, besonders bei gro\u00dfen Herausforderungen!<\/li>\n\n\n\n<li><strong>Spontane Raids<\/strong>: Lust auf einen Raid au\u00dferhalb der Planung? Postet es in der Gruppe \u2013 werktags abends oder nach Absprache klappt oft was.<\/li>\n<\/ul>\n\n\n\n<p>Du brauchst mehr Infos zu Dynamx- und Giga-Dynamax-Meetups? Dann seht unseren <a href=\"https:\/\/dietemann-go.de\/homepage\/2025\/03\/27\/alles-was-ihr-vor-dynamax-und-gigadynamax-raids-wissen-muesst\/\">FAQ-Beitrag<\/a> dazu an. Wenn noch fragen offen sind, kl\u00e4ren wir diese gerne vor Ort. <\/p>\n","protected":false},"excerpt":{"rendered":"<p>Unsere Events \u2013 seid dabei! Bei \u201eDietemann GO\u201c dreht sich alles um gemeinsame Aktivit\u00e4ten. Ob Raids, Meetups oder besondere Events \u2013 hier erfahrt ihr, was ansteht und wie ihr teilnehmen k\u00f6nnt. Geplante Veranstaltungen Wie l\u00e4uft\u2019s ab? Du brauchst mehr Infos zu Dynamx- und Giga-Dynamax-Meetups? Dann seht unseren FAQ-Beitrag dazu an. Wenn noch fragen offen sind, &#8230; <a title=\"Events &amp; Meetups\" class=\"read-more\" href=\"https:\/\/dietemann-go.de\/homepage\/events-meetups\/\" aria-label=\"Mehr Informationen \u00fcber Events &amp; Meetups\">Weiterlesen<\/a><\/p>\n","protected":false},"author":1,"featured_media":0,"parent":0,"menu_order":0,"comment_status":"closed","ping_status":"closed","template":"","meta":{"footnotes":""},"class_list":["post-30","page","type-page","status-publish"],"_links":{"self":[{"href":"https:\/\/dietemann-go.de\/homepage\/wp-json\/wp\/v2\/pages\/30","targetHints":{"allow":["GET"]}}],"collection":[{"href":"https:\/\/dietemann-go.de\/homepage\/wp-json\/wp\/v2\/pages"}],"about":[{"href":"https:\/\/dietemann-go.de\/homepage\/wp-json\/wp\/v2\/types\/page"}],"author":[{"embeddable":true,"href":"https:\/\/dietemann-go.de\/homepage\/wp-json\/wp\/v2\/users\/1"}],"replies":[{"embeddable":true,"href":"https:\/\/dietemann-go.de\/homepage\/wp-json\/wp\/v2\/comments?post=30"}],"version-history":[{"count":3,"href":"https:\/\/dietemann-go.de\/homepage\/wp-json\/wp\/v2\/pages\/30\/revisions"}],"predecessor-version":[{"id":172,"href":"https:\/\/dietemann-go.de\/homepage\/wp-json\/wp\/v2\/pages\/30\/revisions\/172"}],"wp:attachment":[{"href":"https:\/\/dietemann-go.de\/homepage\/wp-json\/wp\/v2\/media?parent=30"}],"curies":[{"name":"wp","href":"https:\/\/api.w.org\/{rel}","templated":true}]}}