{"id":14,"date":"2025-03-10T12:46:31","date_gmt":"2025-03-10T11:46:31","guid":{"rendered":"https:\/\/dietemann-go.de\/homepage\/?page_id=14"},"modified":"2025-03-10T12:46:31","modified_gmt":"2025-03-10T11:46:31","slug":"impressum","status":"publish","type":"page","link":"https:\/\/dietemann-go.de\/homepage\/impressum\/","title":{"rendered":"Impressum"},"content":{"rendered":"\n<p>Norbert Beck<br>Luisenstra\u00dfe 13<br>37269 Eschwege<\/p>\n\n\n\n<p>Telefon: 05651-7523992<br>E-Mail: <a href=\"mailto:info@dietemann-go.de\" target=\"_blank\" rel=\"noreferrer noopener\">info@dietemann-go.de<\/a><\/p>\n\n\n\n<p><strong>Verantwortlich f\u00fcr den Inhalt (gem. \u00a7 55 Abs. 2 RStV):<\/strong><br><br>Norbert Beck<br>Luisenstra\u00dfe 13<br>37269 Eschwege<\/p>\n\n\n\n<p><strong>Bildrechte:<\/strong><br><br>Niantic<br>Campfire<br>The Pok\u00e9mon Company<br>Creatures Inc.<br>Game Freak Inc.<br>Shogakukan<br>Pok\u00e9mon GO Hub<br>Leek Duck<\/p>\n","protected":false},"excerpt":{"rendered":"<p>Norbert BeckLuisenstra\u00dfe 1337269 Eschwege Telefon: 05651-7523992E-Mail: info@dietemann-go.de Verantwortlich f\u00fcr den Inhalt (gem. \u00a7 55 Abs. 2 RStV): Norbert BeckLuisenstra\u00dfe 1337269 Eschwege Bildrechte: NianticCampfireThe Pok\u00e9mon CompanyCreatures Inc.Game Freak Inc.ShogakukanPok\u00e9mon GO HubLeek Duck<\/p>\n","protected":false},"author":1,"featured_media":0,"parent":0,"menu_order":0,"comment_status":"closed","ping_status":"closed","template":"","meta":{"footnotes":""},"class_list":["post-14","page","type-page","status-publish"],"_links":{"self":[{"href":"https:\/\/dietemann-go.de\/homepage\/wp-json\/wp\/v2\/pages\/14","targetHints":{"allow":["GET"]}}],"collection":[{"href":"https:\/\/dietemann-go.de\/homepage\/wp-json\/wp\/v2\/pages"}],"about":[{"href":"https:\/\/dietemann-go.de\/homepage\/wp-json\/wp\/v2\/types\/page"}],"author":[{"embeddable":true,"href":"https:\/\/dietemann-go.de\/homepage\/wp-json\/wp\/v2\/users\/1"}],"replies":[{"embeddable":true,"href":"https:\/\/dietemann-go.de\/homepage\/wp-json\/wp\/v2\/comments?post=14"}],"version-history":[{"count":1,"href":"https:\/\/dietemann-go.de\/homepage\/wp-json\/wp\/v2\/pages\/14\/revisions"}],"predecessor-version":[{"id":15,"href":"https:\/\/dietemann-go.de\/homepage\/wp-json\/wp\/v2\/pages\/14\/revisions\/15"}],"wp:attachment":[{"href":"https:\/\/dietemann-go.de\/homepage\/wp-json\/wp\/v2\/media?parent=14"}],"curies":[{"name":"wp","href":"https:\/\/api.w.org\/{rel}","templated":true}]}}